{"id":38773,"date":"2024-09-11T15:59:42","date_gmt":"2024-09-11T13:59:42","guid":{"rendered":"https:\/\/ebhnew.tesecom.net\/prodotto\/scafograf-41039-02-ca-cioccolato-gomma\/"},"modified":"2025-01-24T18:03:13","modified_gmt":"2025-01-24T17:03:13","slug":"scafograf-41039-02-ca-cioccolato-gomma","status":"publish","type":"product","link":"https:\/\/ebhnew.tesecom.net\/fr\/prodotto\/scafograf-41039-02-ca-cioccolato-gomma\/","title":{"rendered":"SCAFOGRAF 41039.02 CA CIOCCOLATO (gomma)"},"content":{"rendered":"<p>M\u00c9CANIQUE \u00c0 REMONTAGE AUTOMATIQUE<\/p>\n<p>VERRE SAPHIR CONVEXE ANTIREFLET<\/p>\n<p>COURONNE EN ACIER PERSONNALIS\u00c9E<\/p>\n<p>FOND DU BO\u00ceTIER VISS\u00c9 PERSONNALIS\u00c9 AVEC UNE \u00c9TOILE DE MER GRAV\u00c9E<\/p>\n<p>BRACELET CHASSIS\u00ae EN ACIER<\/p>\n","protected":false},"excerpt":{"rendered":"<p>M\u00c9CANIQUE \u00c0 REMONTAGE AUTOMATIQUE VERRE SAPHIR CONVEXE ANTIREFLET COURONNE EN ACIER PERSONNALIS\u00c9E FOND DU BO\u00ceTIER VISS\u00c9 PERSONNALIS\u00c9 AVEC UNE \u00c9TOILE DE MER GRAV\u00c9E BRACELET CHASSIS\u00ae EN ACIER<\/p>\n","protected":false},"featured_media":0,"comment_status":"closed","ping_status":"closed","template":"","meta":{"_acf_changed":false,"inline_featured_image":false},"product_cat":[194],"product_tag":[],"collection":[448,624],"class_list":{"0":"post-38773","1":"product","2":"type-product","3":"status-publish","5":"product_cat-uncategorized-fr","6":"collection-scafograf-fr","7":"collection-100-fr","9":"first","10":"instock","11":"shipping-taxable","12":"purchasable","13":"product-type-simple"},"acf":[],"yoast_head":"<!-- This site is optimized with the Yoast SEO plugin v23.9 - https:\/\/yoast.com\/wordpress\/plugins\/seo\/ -->\n<title>SCAFOGRAF 41039.02 CA CIOCCOLATO (gomma) - Eberhard &amp; Co.<\/title>\n<meta name=\"description\" content=\"M\u00c9CANIQUE \u00c0 REMONTAGE AUTOMATIQUE VERRE SAPHIR CONVEXE ANTIREFLET COURONNE EN ACIER PERSONNALIS\u00c9E FOND DU BO\u00ceTIER VISS\u00c9 PERSONNALIS\u00c9 AVEC UNE \u00c9TOILE DE\" \/>\n<meta name=\"robots\" content=\"noindex, follow, max-snippet:-1, max-image-preview:large, max-video-preview:-1\" \/>\n<meta property=\"og:locale\" content=\"fr_FR\" \/>\n<meta property=\"og:type\" content=\"article\" \/>\n<meta property=\"og:title\" content=\"SCAFOGRAF 41039.02 CA CIOCCOLATO (gomma) - Eberhard &amp; Co.\" \/>\n<meta property=\"og:description\" content=\"M\u00c9CANIQUE \u00c0 REMONTAGE AUTOMATIQUE VERRE SAPHIR CONVEXE ANTIREFLET COURONNE EN ACIER PERSONNALIS\u00c9E FOND DU BO\u00ceTIER VISS\u00c9 PERSONNALIS\u00c9 AVEC UNE \u00c9TOILE DE\" \/>\n<meta property=\"og:url\" content=\"https:\/\/ebhnew.tesecom.net\/fr\/prodotto\/scafograf-41039-02-ca-cioccolato-gomma\/\" \/>\n<meta property=\"og:site_name\" content=\"Eberhard &amp; Co.\" \/>\n<meta property=\"article:modified_time\" content=\"2025-01-24T17:03:13+00:00\" \/>\n<meta name=\"twitter:card\" content=\"summary_large_image\" \/>\n<script type=\"application\/ld+json\" class=\"yoast-schema-graph\">{\"@context\":\"https:\/\/schema.org\",\"@graph\":[{\"@type\":\"WebPage\",\"@id\":\"https:\/\/ebhnew.tesecom.net\/fr\/prodotto\/scafograf-41039-02-ca-cioccolato-gomma\/\",\"url\":\"https:\/\/ebhnew.tesecom.net\/fr\/prodotto\/scafograf-41039-02-ca-cioccolato-gomma\/\",\"name\":\"SCAFOGRAF 41039.02 CA CIOCCOLATO (gomma) - Eberhard &amp; Co.\",\"isPartOf\":{\"@id\":\"https:\/\/ebhnew.tesecom.net\/fr\/#website\"},\"datePublished\":\"2024-09-11T13:59:42+00:00\",\"dateModified\":\"2025-01-24T17:03:13+00:00\",\"description\":\"M\u00c9CANIQUE \u00c0 REMONTAGE AUTOMATIQUE VERRE SAPHIR CONVEXE ANTIREFLET COURONNE EN ACIER PERSONNALIS\u00c9E FOND DU BO\u00ceTIER VISS\u00c9 PERSONNALIS\u00c9 AVEC UNE \u00c9TOILE DE\",\"breadcrumb\":{\"@id\":\"https:\/\/ebhnew.tesecom.net\/fr\/prodotto\/scafograf-41039-02-ca-cioccolato-gomma\/#breadcrumb\"},\"inLanguage\":\"fr-FR\",\"potentialAction\":[{\"@type\":\"ReadAction\",\"target\":[\"https:\/\/ebhnew.tesecom.net\/fr\/prodotto\/scafograf-41039-02-ca-cioccolato-gomma\/\"]}]},{\"@type\":\"BreadcrumbList\",\"@id\":\"https:\/\/ebhnew.tesecom.net\/fr\/prodotto\/scafograf-41039-02-ca-cioccolato-gomma\/#breadcrumb\",\"itemListElement\":[{\"@type\":\"ListItem\",\"position\":1,\"name\":\"Boutique\",\"item\":\"https:\/\/ebhnew.tesecom.net\/fr\/boutique\/\"},{\"@type\":\"ListItem\",\"position\":2,\"name\":\"SCAFOGRAF 41039.02 CA CIOCCOLATO (gomma)\"}]},{\"@type\":\"WebSite\",\"@id\":\"https:\/\/ebhnew.tesecom.net\/fr\/#website\",\"url\":\"https:\/\/ebhnew.tesecom.net\/fr\/\",\"name\":\"Eberhard &amp; Co.\",\"description\":\"\",\"publisher\":{\"@id\":\"https:\/\/ebhnew.tesecom.net\/fr\/#organization\"},\"potentialAction\":[{\"@type\":\"SearchAction\",\"target\":{\"@type\":\"EntryPoint\",\"urlTemplate\":\"https:\/\/ebhnew.tesecom.net\/fr\/?s={search_term_string}\"},\"query-input\":{\"@type\":\"PropertyValueSpecification\",\"valueRequired\":true,\"valueName\":\"search_term_string\"}}],\"inLanguage\":\"fr-FR\"},{\"@type\":\"Organization\",\"@id\":\"https:\/\/ebhnew.tesecom.net\/fr\/#organization\",\"name\":\"Eberhard & Co. Watches\",\"url\":\"https:\/\/ebhnew.tesecom.net\/fr\/\",\"logo\":{\"@type\":\"ImageObject\",\"inLanguage\":\"fr-FR\",\"@id\":\"https:\/\/ebhnew.tesecom.net\/fr\/#\/schema\/logo\/image\/\",\"url\":\"\",\"contentUrl\":\"\",\"caption\":\"Eberhard & Co. Watches\"},\"image\":{\"@id\":\"https:\/\/ebhnew.tesecom.net\/fr\/#\/schema\/logo\/image\/\"}}]}<\/script>\n<!-- \/ Yoast SEO plugin. -->","yoast_head_json":{"title":"SCAFOGRAF 41039.02 CA CIOCCOLATO (gomma) - Eberhard &amp; Co.","description":"M\u00c9CANIQUE \u00c0 REMONTAGE AUTOMATIQUE VERRE SAPHIR CONVEXE ANTIREFLET COURONNE EN ACIER PERSONNALIS\u00c9E FOND DU BO\u00ceTIER VISS\u00c9 PERSONNALIS\u00c9 AVEC UNE \u00c9TOILE DE","robots":{"index":"noindex","follow":"follow","max-snippet":"max-snippet:-1","max-image-preview":"max-image-preview:large","max-video-preview":"max-video-preview:-1"},"og_locale":"fr_FR","og_type":"article","og_title":"SCAFOGRAF 41039.02 CA CIOCCOLATO (gomma) - Eberhard &amp; Co.","og_description":"M\u00c9CANIQUE \u00c0 REMONTAGE AUTOMATIQUE VERRE SAPHIR CONVEXE ANTIREFLET COURONNE EN ACIER PERSONNALIS\u00c9E FOND DU BO\u00ceTIER VISS\u00c9 PERSONNALIS\u00c9 AVEC UNE \u00c9TOILE DE","og_url":"https:\/\/ebhnew.tesecom.net\/fr\/prodotto\/scafograf-41039-02-ca-cioccolato-gomma\/","og_site_name":"Eberhard &amp; Co.","article_modified_time":"2025-01-24T17:03:13+00:00","twitter_card":"summary_large_image","schema":{"@context":"https:\/\/schema.org","@graph":[{"@type":"WebPage","@id":"https:\/\/ebhnew.tesecom.net\/fr\/prodotto\/scafograf-41039-02-ca-cioccolato-gomma\/","url":"https:\/\/ebhnew.tesecom.net\/fr\/prodotto\/scafograf-41039-02-ca-cioccolato-gomma\/","name":"SCAFOGRAF 41039.02 CA CIOCCOLATO (gomma) - Eberhard &amp; Co.","isPartOf":{"@id":"https:\/\/ebhnew.tesecom.net\/fr\/#website"},"datePublished":"2024-09-11T13:59:42+00:00","dateModified":"2025-01-24T17:03:13+00:00","description":"M\u00c9CANIQUE \u00c0 REMONTAGE AUTOMATIQUE VERRE SAPHIR CONVEXE ANTIREFLET COURONNE EN ACIER PERSONNALIS\u00c9E FOND DU BO\u00ceTIER VISS\u00c9 PERSONNALIS\u00c9 AVEC UNE \u00c9TOILE DE","breadcrumb":{"@id":"https:\/\/ebhnew.tesecom.net\/fr\/prodotto\/scafograf-41039-02-ca-cioccolato-gomma\/#breadcrumb"},"inLanguage":"fr-FR","potentialAction":[{"@type":"ReadAction","target":["https:\/\/ebhnew.tesecom.net\/fr\/prodotto\/scafograf-41039-02-ca-cioccolato-gomma\/"]}]},{"@type":"BreadcrumbList","@id":"https:\/\/ebhnew.tesecom.net\/fr\/prodotto\/scafograf-41039-02-ca-cioccolato-gomma\/#breadcrumb","itemListElement":[{"@type":"ListItem","position":1,"name":"Boutique","item":"https:\/\/ebhnew.tesecom.net\/fr\/boutique\/"},{"@type":"ListItem","position":2,"name":"SCAFOGRAF 41039.02 CA CIOCCOLATO (gomma)"}]},{"@type":"WebSite","@id":"https:\/\/ebhnew.tesecom.net\/fr\/#website","url":"https:\/\/ebhnew.tesecom.net\/fr\/","name":"Eberhard &amp; Co.","description":"","publisher":{"@id":"https:\/\/ebhnew.tesecom.net\/fr\/#organization"},"potentialAction":[{"@type":"SearchAction","target":{"@type":"EntryPoint","urlTemplate":"https:\/\/ebhnew.tesecom.net\/fr\/?s={search_term_string}"},"query-input":{"@type":"PropertyValueSpecification","valueRequired":true,"valueName":"search_term_string"}}],"inLanguage":"fr-FR"},{"@type":"Organization","@id":"https:\/\/ebhnew.tesecom.net\/fr\/#organization","name":"Eberhard & Co. Watches","url":"https:\/\/ebhnew.tesecom.net\/fr\/","logo":{"@type":"ImageObject","inLanguage":"fr-FR","@id":"https:\/\/ebhnew.tesecom.net\/fr\/#\/schema\/logo\/image\/","url":"","contentUrl":"","caption":"Eberhard & Co. Watches"},"image":{"@id":"https:\/\/ebhnew.tesecom.net\/fr\/#\/schema\/logo\/image\/"}}]}},"_links":{"self":[{"href":"https:\/\/ebhnew.tesecom.net\/fr\/wp-json\/wp\/v2\/product\/38773"}],"collection":[{"href":"https:\/\/ebhnew.tesecom.net\/fr\/wp-json\/wp\/v2\/product"}],"about":[{"href":"https:\/\/ebhnew.tesecom.net\/fr\/wp-json\/wp\/v2\/types\/product"}],"replies":[{"embeddable":true,"href":"https:\/\/ebhnew.tesecom.net\/fr\/wp-json\/wp\/v2\/comments?post=38773"}],"wp:attachment":[{"href":"https:\/\/ebhnew.tesecom.net\/fr\/wp-json\/wp\/v2\/media?parent=38773"}],"wp:term":[{"taxonomy":"product_cat","embeddable":true,"href":"https:\/\/ebhnew.tesecom.net\/fr\/wp-json\/wp\/v2\/product_cat?post=38773"},{"taxonomy":"product_tag","embeddable":true,"href":"https:\/\/ebhnew.tesecom.net\/fr\/wp-json\/wp\/v2\/product_tag?post=38773"},{"taxonomy":"collection","embeddable":true,"href":"https:\/\/ebhnew.tesecom.net\/fr\/wp-json\/wp\/v2\/collection?post=38773"}],"curies":[{"name":"wp","href":"https:\/\/api.w.org\/{rel}","templated":true}]}}